{"id":2210,"date":"2016-05-16T04:54:45","date_gmt":"2016-05-16T04:54:45","guid":{"rendered":"http:\/\/demo.thememodern.com\/continal\/?page_id=225"},"modified":"2020-04-21T11:11:00","modified_gmt":"2020-04-21T09:11:00","slug":"home-page-3","status":"publish","type":"page","link":"https:\/\/venturplac.es\/","title":{"rendered":"Inicio"},"content":{"rendered":"<p>[vc_row parallax_row=&#8221;yes&#8221; overlay=&#8221;true&#8221; css=&#8221;.vc_custom_1586021813673{padding-top: 300px !important;padding-bottom: 200px !important;background-image: url(http:\/\/venturplac.es\/wp-content\/uploads\/2020\/02\/worker-plastering-gypsum-board-wall-R6VH92P-scaled.jpg?id=2324) !important;background-position: center !important;background-repeat: no-repeat !important;background-size: contain !important;}&#8221;][vc_column el_class=&#8221;get-action big-text&#8221;][vc_custom_heading text=&#8221;Bienvenidos a Venturplac&#8221; font_container=&#8221;tag:h4|text_align:center|color:%23ffffff&#8221; use_theme_fonts=&#8221;yes&#8221;][vc_custom_heading text=&#8221;Expertos en la instalaci\u00f3n de pladur&#8221; font_container=&#8221;tag:h1|text_align:center|color:%23ffffff&#8221; use_theme_fonts=&#8221;yes&#8221;]\n\t\n[\/vc_column][\/vc_row][vc_row css=&#8221;.vc_custom_1581059530561{background-image: url(http:\/\/venturplac.es\/wp-content\/uploads\/2016\/05\/bg-square.png?id=102) !important;background-position: 0 0 !important;background-repeat: repeat !important;}&#8221; el_class=&#8221;background-position shadow&#8221; el_id=&#8221;somos&#8221;][vc_column width=&#8221;2\/3&#8243; el_class=&#8221;get-action dark&#8221;][vc_column_text css=&#8221;.vc_custom_1580973365764{margin-bottom: 35px !important;}&#8221;]<\/p>\n<h4>Qui\u00e9nes Somos<\/h4>\n<p>M\u00e1s de 10 a\u00f1os de experiencia en el sector[\/vc_column_text][vc_wp_text]<\/p>\n<h2>Somos una empresa familiar dedicada \u00fanicamente a la instalaci\u00f3n de pladur con el fin de crear espacios que cumplan tus necesidades tanto familiares como laborales.<\/h2>\n<h2>Creemos en las personas y por ello contamos con un amplio equipo de profesionales especializados en la colocaci\u00f3n de pladur independientemente de la complejidad del proyecto<\/h2>\n<p>[\/vc_wp_text][\/vc_column][vc_column width=&#8221;1\/3&#8243; css=&#8221;.vc_custom_1580973820846{margin-top: 20px !important;border-top-width: 20px !important;padding-top: 20px !important;}&#8221;][vc_single_image image=&#8221;2272&#8243; img_size=&#8221;306 x 500&#8243; css=&#8221;.vc_custom_1580973541036{margin-bottom: 0px !important;padding-top: 24px !important;padding-bottom: 0px !important;}&#8221; el_class=&#8221;resposive-none&#8221;][\/vc_column][vc_column][vc_empty_space][\/vc_column][\/vc_row][vc_row parallax_row=&#8221;yes&#8221; css=&#8221;.vc_custom_1581072237922{padding-top: 50px !important;padding-bottom: 70px !important;background-image: url(http:\/\/venturplac.es\/wp-content\/uploads\/2016\/05\/bg-hourse.png?id=87) !important;}&#8221; el_class=&#8221;z-index&#8221; el_id=&#8221;servicios&#8221;][vc_column]\n\t<h2 class=\"text-center after\">\u00bfQu\u00e9 hacemos por ti?<\/h2>\n\n[\/vc_column][vc_column width=&#8221;1\/3&#8243;][vc_single_image image=&#8221;2297&#8243; img_size=&#8221;360&#215;240&#8243;][vc_custom_heading text=&#8221;Techos de Pladur&#8221; font_container=&#8221;tag:h2|font_size:20|text_align:center&#8221; use_theme_fonts=&#8221;yes&#8221; css=&#8221;.vc_custom_1586021714496{margin-bottom: 5px !important;border-bottom-width: 5px !important;padding-bottom: 5px !important;}&#8221;][vc_btn title=&#8221;Ver Servicio&#8221; style=&#8221;classic&#8221; color=&#8221;primary&#8221; size=&#8221;sm&#8221; align=&#8221;center&#8221; css=&#8221;.vc_custom_1581072385520{margin-top: 5px !important;border-top-width: 5px !important;padding-top: 5px !important;}&#8221; link=&#8221;url:%20http%3A%2F%2Fventurplac.es%2Findex.php%2Fservices%2Ftechos%2F|||&#8221;][\/vc_column][vc_column width=&#8221;1\/3&#8243;][vc_single_image image=&#8221;2299&#8243; img_size=&#8221;360&#215;240&#8243;][vc_custom_heading text=&#8221;Tabiques de Pladur a medida&#8221; font_container=&#8221;tag:h2|font_size:20|text_align:center&#8221; use_theme_fonts=&#8221;yes&#8221; css=&#8221;.vc_custom_1586021723852{margin-bottom: 5px !important;border-bottom-width: 5px !important;padding-bottom: 5px !important;}&#8221;][vc_btn title=&#8221;Ver Servicio&#8221; style=&#8221;classic&#8221; color=&#8221;primary&#8221; size=&#8221;sm&#8221; align=&#8221;center&#8221; css=&#8221;.vc_custom_1581072409469{margin-top: 5px !important;border-top-width: 5px !important;padding-top: 5px !important;}&#8221; link=&#8221;url:http%3A%2F%2Fventurplac.es%2Findex.php%2Fservices%2Ftabiques%2F|||&#8221;][\/vc_column][vc_column width=&#8221;1\/3&#8243;][vc_single_image image=&#8221;2305&#8243; img_size=&#8221;360&#215;240&#8243;][vc_custom_heading text=&#8221;Aislamiento t\u00e9rmico y ac\u00fastico a medida&#8221; font_container=&#8221;tag:h2|font_size:20|text_align:center&#8221; use_theme_fonts=&#8221;yes&#8221; css=&#8221;.vc_custom_1586021730312{margin-bottom: 5px !important;border-bottom-width: 5px !important;padding-bottom: 5px !important;}&#8221;][vc_btn title=&#8221;Ver Servicio&#8221; style=&#8221;classic&#8221; color=&#8221;primary&#8221; size=&#8221;sm&#8221; align=&#8221;center&#8221; css=&#8221;.vc_custom_1581072361200{margin-top: 5px !important;border-top-width: 5px !important;padding-top: 5px !important;}&#8221; link=&#8221;url:%20http%3A%2F%2Fventurplac.es%2Findex.php%2Fservices%2Faislamiento-de-pladur%2F|||&#8221;][\/vc_column][vc_column][vc_empty_space height=&#8221;50px&#8221;][\/vc_column][vc_column width=&#8221;1\/3&#8243;][vc_single_image image=&#8221;2301&#8243; img_size=&#8221;360&#215;240&#8243;][vc_custom_heading text=&#8221;Preformas de pladur&#8221; font_container=&#8221;tag:h2|font_size:20|text_align:center&#8221; use_theme_fonts=&#8221;yes&#8221; css=&#8221;.vc_custom_1581072499142{margin-bottom: 5px !important;border-bottom-width: 5px !important;padding-bottom: 5px !important;}&#8221; link=&#8221;url:%20http%3A%2F%2Fventurplac.es%2Findex.php%2Fservices%2Fpreconstruction-consulting%2F|||&#8221;][vc_btn title=&#8221;Ver Servicio&#8221; style=&#8221;classic&#8221; color=&#8221;primary&#8221; size=&#8221;sm&#8221; align=&#8221;center&#8221; css=&#8221;.vc_custom_1581072442456{margin-top: 5px !important;border-top-width: 5px !important;padding-top: 5px !important;}&#8221; link=&#8221;url:%20http%3A%2F%2Fventurplac.es%2Findex.php%2Fservices%2Fmuebles%2F|||&#8221;][\/vc_column][vc_column width=&#8221;1\/3&#8243;][vc_single_image image=&#8221;2300&#8243; img_size=&#8221;360&#215;240&#8243;][vc_custom_heading text=&#8221;Muebles de obra&#8221; font_container=&#8221;tag:h2|font_size:20|text_align:center&#8221; use_theme_fonts=&#8221;yes&#8221; css=&#8221;.vc_custom_1581072464326{margin-bottom: 5px !important;border-bottom-width: 5px !important;padding-bottom: 5px !important;}&#8221; link=&#8221;url:%20http%3A%2F%2Fventurplac.es%2Findex.php%2Fservices%2Fmuebles%2F|||&#8221;][vc_btn title=&#8221;Ver Servicio&#8221; style=&#8221;classic&#8221; color=&#8221;primary&#8221; size=&#8221;sm&#8221; align=&#8221;center&#8221; css=&#8221;.vc_custom_1581071770887{margin-top: 5px !important;border-top-width: 5px !important;padding-top: 5px !important;}&#8221;][\/vc_column][vc_column width=&#8221;1\/3&#8243;][vc_single_image image=&#8221;2303&#8243; img_size=&#8221;360&#215;240&#8243;][vc_custom_heading text=&#8221;Protecci\u00f3n pasiva contra incendios&#8221; font_container=&#8221;tag:h2|font_size:20|text_align:center&#8221; use_theme_fonts=&#8221;yes&#8221; css=&#8221;.vc_custom_1581072729749{margin-bottom: 5px !important;border-bottom-width: 5px !important;padding-bottom: 5px !important;}&#8221;][vc_btn title=&#8221;Ver Servicio&#8221; style=&#8221;classic&#8221; color=&#8221;primary&#8221; size=&#8221;sm&#8221; align=&#8221;center&#8221; css=&#8221;.vc_custom_1581072525379{margin-top: 5px !important;border-top-width: 5px !important;padding-top: 5px !important;}&#8221; link=&#8221;url:%20http%3A%2F%2Fventurplac.es%2Findex.php%2Fservices%2Fproteccion%2F|||&#8221;][\/vc_column][\/vc_row][vc_row parallax_row=&#8221;yes&#8221; css=&#8221;.vc_custom_1463455795455{padding-top: 50px !important;padding-bottom: 70px !important;background-image: url(http:\/\/venturplac.es\/wp-content\/uploads\/2016\/05\/bg-hourse.png?id=87) !important;}&#8221; el_class=&#8221;z-index&#8221;][vc_column]\n\t<h2 class=\"text-center after\">\u00bfC\u00f3mo lo hacemos?<\/h2>\n\n[\/vc_column][vc_column width=&#8221;1\/3&#8243;]\n\t<div class=\"features box2\">\n\t\t\t\t\t<img src=\"https:\/\/venturplac.es\/wp-content\/uploads\/2020\/02\/Icono-escuchamos-2.png\" alt=\"\">\n\t\t\t\t<h4>Escuchamos tus necesidades<\/h4>\n\t\t<p>Para hacer justo lo que t\u00fa nos pides<\/p>\t<\/div>\n\n[\/vc_column][vc_column width=&#8221;1\/3&#8243;]\n\t<div class=\"features box2\">\n\t\t\t\t\t<img src=\"https:\/\/venturplac.es\/wp-content\/uploads\/2020\/02\/Icono-Ideas-1.png\" alt=\"\">\n\t\t\t\t<h4>Ponemos sobre un plano tus ideas<\/h4>\n\t\t<p>El siguiente paso es hacer viable tus ideas<\/p>\t<\/div>\n\n[\/vc_column][vc_column width=&#8221;1\/3&#8243;]\n\t<div class=\"features box2\">\n\t\t\t\t\t<img src=\"https:\/\/venturplac.es\/wp-content\/uploads\/2020\/02\/Icono-eproductividad.png\" alt=\"\">\n\t\t\t\t<h4>Gran productividad<\/h4>\n\t\t<p>Para terminar los proyectos lo antes posible<\/p>\t<\/div>\n\n[\/vc_column][\/vc_row][vc_row el_class=&#8221;shadow-section&#8221;][vc_column][vc_column_text]<\/p>\n<div class=\"box-shadow\"><\/div>\n<p>[\/vc_column_text][\/vc_column][\/vc_row][vc_row css=&#8221;.vc_custom_1463026835024{padding-top: 50px !important;padding-bottom: 75px !important;}&#8221;][vc_column]\n\t<h2 class=\"text-center after\">\u00bfPorqu\u00e9 elegir Venturplac?<\/h2>\n\n[\/vc_column][vc_column width=&#8221;1\/2&#8243;][vc_single_image image=&#8221;2284&#8243; img_size=&#8221;480&#215;360&#8243;][\/vc_column][vc_column width=&#8221;1\/2&#8243;]\n\t\t\t<div class=\"features box4 \">\n\t\t\t<h4><i class=\"fas fa-arrow-alt-circle-right\"><\/i>Transparencia<\/h4>\n\t\t\t<p>Sabr\u00e1s todo lo que pasa en la obra, as\u00ed evitamos problemas y hacemos un trabajo m\u00e1s eficiente para conseguir el acabado que tu deseas.<\/p>\t\t<\/div>\n\t\n\t\n\n\t\t\t<div class=\"features box4 \">\n\t\t\t<h4><i class=\"fas fa-arrow-alt-circle-right\"><\/i>Empleados Expertos<\/h4>\n\t\t\t<p>Nuestros empleados tienen una gran experiencia en el sector para ofrecerte los mejores acabados y acabar las obras en tiempos muy cortos.<\/p>\t\t<\/div>\n\t\n\t\n\n\t\t\t<div class=\"features box4 \">\n\t\t\t<h4><i class=\"fas fa-arrow-alt-circle-right\"><\/i>Materiales de calidad<\/h4>\n\t\t\t<p>Utilizamos los mejores materiales del mercado, para que duren lo m\u00e1ximo posible sin ning\u00fan tipo de imprevisto y totalmente funcional.<\/p>\t\t<\/div>\n\t\n\t\n[\/vc_column][\/vc_row][vc_row fullwidth=&#8221;yes&#8221; css=&#8221;.vc_custom_1463456781251{padding-top: 50px !important;background-color: #333333 !important;}&#8221; el_class=&#8221;latest-project2&#8243;][vc_column]\n\t<h2 class=\"text-center after\">Projectos Destacados<\/h2>\n\n\n\t<div class=\"s-images\">\n\t\t\t\t\t<a class=\"item-image col3\" href=\"https:\/\/venturplac.es\/wp-content\/uploads\/2019\/12\/1-ladrillo-12_DSC2038_forn.jpg\">\n\t\t\t\t<img src=\"https:\/\/venturplac.es\/wp-content\/uploads\/2019\/12\/1-ladrillo-12_DSC2038_forn.jpg\" alt=\"\">\n\t\t\t<\/a>\n\t\t\t\t\t<a class=\"item-image col3\" href=\"https:\/\/venturplac.es\/wp-content\/uploads\/2020\/02\/11.png\">\n\t\t\t\t<img src=\"https:\/\/venturplac.es\/wp-content\/uploads\/2020\/02\/11.png\" alt=\"\">\n\t\t\t<\/a>\n\t\t\t\t\t<a class=\"item-image col3\" href=\"https:\/\/venturplac.es\/wp-content\/uploads\/2020\/02\/11-1.png\">\n\t\t\t\t<img src=\"https:\/\/venturplac.es\/wp-content\/uploads\/2020\/02\/11-1.png\" alt=\"\">\n\t\t\t<\/a>\n\t\t\t<\/div>\n\n[vc_empty_space][\/vc_column][vc_column][vc_empty_space]\n\t<h2 class=\"text-center after\">Lo que opinan nuestros clientes<\/h2>\n\n\n\t<div class=\"testi-carousel text-center\">\n\t\t<div id=\"sync-3\" class=\"owl-carousel text\">\n\t\t\t\t\t\t<div class=\"item\">\n\t\t\t\t<p>Muy contento con la empresa, posiblemente vuelva a contratar sus servicios.<\/p>\n\t\t\t\t<div class=\"info\">\n\t\t\t\t\t<strong>Jose L.<\/strong>\n\t\t\t\t\t<span><\/span>\n\t\t\t\t<\/div>\n\t\t\t<\/div>\n\t\t\t\t\t\t<div class=\"item\">\n\t\t\t\t<p>Muy r\u00e1pidos y din\u00e1micos, altamente recomendados.<\/p>\n\t\t\t\t<div class=\"info\">\n\t\t\t\t\t<strong>Marta T.<\/strong>\n\t\t\t\t\t<span><\/span>\n\t\t\t\t<\/div>\n\t\t\t<\/div>\n\t\t\t\t\t\t<div class=\"item\">\n\t\t\t\t<p>Trabajo muy profesional acompa\u00f1ado de un trato cercano.<\/p>\n\t\t\t\t<div class=\"info\">\n\t\t\t\t\t<strong>Ricardo V.<\/strong>\n\t\t\t\t\t<span><\/span>\n\t\t\t\t<\/div>\n\t\t\t<\/div>\n\t\t\t\t\t<\/div>\n\n\t\t<div id=\"sync-4\" class=\"owl-carousel images\">\n\t\t\t\t\t\t<div class=\"testi-img\">\n\t\t\t\t<img src=\"\" alt=\"\">\n\t\t\t<\/div>\n\t\t\t\t\t\t<div class=\"testi-img\">\n\t\t\t\t<img src=\"\" alt=\"\">\n\t\t\t<\/div>\n\t\t\t\t\t\t<div class=\"testi-img\">\n\t\t\t\t<img src=\"\" alt=\"\">\n\t\t\t<\/div>\n\t\t\t\t\t<\/div>\n\t<\/div>\n\n[vc_empty_space][\/vc_column][\/vc_row][vc_row el_id=&#8221;empleo&#8221; css=&#8221;.vc_custom_1581061119309{background-image: url(http:\/\/venturplac.es\/wp-content\/uploads\/2016\/05\/bg-square.png?id=2179) !important;background-position: 0 0 !important;background-repeat: repeat !important;}&#8221;][vc_column][vc_empty_space height=&#8221;64px&#8221;]\n\t<h2 class=\"text-center after\">Env\u00edanos tu Cv para trabajar con nosotros<\/h2>\n\n[vc_btn title=&#8221;Enviar Cv&#8221; style=&#8221;classic&#8221; color=&#8221;primary&#8221; align=&#8221;center&#8221; i_icon_fontawesome=&#8221;fas fa-envelope-open&#8221; add_icon=&#8221;true&#8221; link=&#8221;url:mailto%3A%20info%40venturplac.es|||&#8221;][vc_empty_space height=&#8221;64px&#8221;][\/vc_column][\/vc_row][vc_row el_id=&#8221;contacto&#8221;][vc_column][vc_empty_space height=&#8221;64px&#8221;]\n\t<h2 class=\"text-center after\">M\u00e1ndanos tu propuesta<\/h2>\n\n<div role=\"form\" class=\"wpcf7\" id=\"wpcf7-f2161-o1\" lang=\"es-ES\" dir=\"ltr\">\n<div class=\"screen-reader-response\" role=\"alert\" aria-live=\"polite\"><\/div>\n<form action=\"\/index.php\/wp-json\/wp\/v2\/pages\/2210#wpcf7-f2161-o1\" method=\"post\" class=\"wpcf7-form init\" novalidate=\"novalidate\">\n<div style=\"display: none;\">\n<input type=\"hidden\" name=\"_wpcf7\" value=\"2161\" \/>\n<input type=\"hidden\" name=\"_wpcf7_version\" value=\"5.2.2\" \/>\n<input type=\"hidden\" name=\"_wpcf7_locale\" value=\"es_ES\" \/>\n<input type=\"hidden\" name=\"_wpcf7_unit_tag\" value=\"wpcf7-f2161-o1\" \/>\n<input type=\"hidden\" name=\"_wpcf7_container_post\" value=\"0\" \/>\n<input type=\"hidden\" name=\"_wpcf7_posted_data_hash\" value=\"\" \/>\n<\/div>\n<p><!--<label> Nombre (Obligatorio)<br \/>\n    <span class=\"wpcf7-form-control-wrap your-name\"><input type=\"text\" name=\"your-name\" value=\"\" size=\"75\" maxlength=\"130\" class=\"wpcf7-form-control wpcf7-text wpcf7-validates-as-required\" aria-required=\"true\" aria-invalid=\"false\" \/><\/span> <\/label><\/p>\n<p><label> Tel\u00e9fono (Obligatorio)<br \/>\n    <span class=\"wpcf7-form-control-wrap tel-192\"><input type=\"tel\" name=\"tel-192\" value=\"\" size=\"70\" maxlength=\"30\" class=\"wpcf7-form-control wpcf7-text wpcf7-tel wpcf7-validates-as-tel\" aria-invalid=\"false\" \/><\/span> <\/label>--><\/p>\n<div class=\"one-half\"><label> Nombre (Obligatorio)<br \/>\n    <span class=\"wpcf7-form-control-wrap your-name\"><input type=\"text\" name=\"your-name\" value=\"\" size=\"100\" maxlength=\"130\" class=\"wpcf7-form-control wpcf7-text wpcf7-validates-as-required\" aria-required=\"true\" aria-invalid=\"false\" \/><\/span> <\/label><\/div>\n<div class=\"one-half last\"><label> Tel\u00e9fono (Obligatorio)<br \/>\n    <span class=\"wpcf7-form-control-wrap tel-192\"><input type=\"tel\" name=\"tel-192\" value=\"\" size=\"70\" maxlength=\"30\" class=\"wpcf7-form-control wpcf7-text wpcf7-tel wpcf7-validates-as-tel\" aria-invalid=\"false\" \/><\/span> <\/label><\/div>\n<p><label> Correo (Obligatorio)<br \/>\n    <span class=\"wpcf7-form-control-wrap your-email\"><input type=\"email\" name=\"your-email\" value=\"\" size=\"170\" maxlength=\"30\" class=\"wpcf7-form-control wpcf7-text wpcf7-email wpcf7-validates-as-required wpcf7-validates-as-email\" aria-required=\"true\" aria-invalid=\"false\" \/><\/span> <\/label><\/p>\n<p><label> Cu\u00e9ntanos tu proyecto<br \/>\n  <span class=\"wpcf7-form-control-wrap your-subject\"><input type=\"text\" name=\"your-subject\" value=\"\" size=\"170\" maxlength=\"30\" class=\"wpcf7-form-control wpcf7-text\" aria-invalid=\"false\" \/><\/span> <\/label><\/p>\n<p><span class=\"wpcf7-form-control-wrap acceptance-135\"><span class=\"wpcf7-form-control wpcf7-acceptance\"><span class=\"wpcf7-list-item\"><label><input type=\"checkbox\" name=\"acceptance-135\" value=\"1\" aria-invalid=\"false\" \/><span class=\"wpcf7-list-item-label\">Acepta la Pol\u00edtica de Privacidad<\/span><\/label><\/span><\/span><\/span><\/p>\n<div align=\"center\"><input type=\"submit\" value=\"Enviar\" class=\"wpcf7-form-control wpcf7-submit\" \/><\/div>\n<div class=\"wpcf7-response-output\" role=\"alert\" aria-hidden=\"true\"><\/div><\/form><\/div>[\/vc_column][\/vc_row][vc_row][vc_column][vc_empty_space height=&#8221;25px&#8221;][\/vc_column][\/vc_row]<\/p>\n","protected":false},"excerpt":{"rendered":"<p>[vc_row parallax_row=&#8221;yes&#8221; overlay=&#8221;true&#8221; css=&#8221;.vc_custom_1586021813673{padding-top: 300px !important;padding-bottom: 200px !important;background-image: url(http:\/\/venturplac.es\/wp-content\/uploads\/2020\/02\/worker-plastering-gypsum-board-wall-R6VH92P-scaled.jpg?id=2324) !important;background-position: center !important;background-repeat: no-repeat !important;background-size: contain !important;}&#8221;][vc_column el_class=&#8221;get-action big-text&#8221;][vc_custom_heading text=&#8221;Bienvenidos a Venturplac&#8221; font_container=&#8221;tag:h4|text_align:center|color:%23ffffff&#8221; use_theme_fonts=&#8221;yes&#8221;][vc_custom_heading text=&#8221;Expertos en la instalaci\u00f3n de pladur&#8221; font_container=&#8221;tag:h1|text_align:center|color:%23ffffff&#8221; use_theme_fonts=&#8221;yes&#8221;][\/vc_column][\/vc_row][vc_row css=&#8221;.vc_custom_1581059530561{background-image: url(http:\/\/venturplac.es\/wp-content\/uploads\/2016\/05\/bg-square.png?id=102) !important;background-position: 0 0 !important;background-repeat: repeat !important;}&#8221; el_class=&#8221;background-position shadow&#8221; el_id=&#8221;somos&#8221;][vc_column width=&#8221;2\/3&#8243; el_class=&#8221;get-action dark&#8221;][vc_column_text css=&#8221;.vc_custom_1580973365764{margin-bottom: 35px !important;}&#8221;] Qui\u00e9nes Somos M\u00e1s de 10 a\u00f1os de [&hellip;]<\/p>\n","protected":false},"author":1,"featured_media":0,"parent":0,"menu_order":0,"comment_status":"closed","ping_status":"closed","template":"page-templates\/template-canvas.php","meta":[],"yoast_head":"<!-- This site is optimized with the Yoast SEO plugin v14.9 - https:\/\/yoast.com\/wordpress\/plugins\/seo\/ -->\n<title>Ventur Plac - Especialistas en la instalaci\u00f3n de pladur.<\/title>\n<meta name=\"description\" content=\"Somos una empresa especializada en instalaciones de pladur, tanto en interiores como exteriores o para decoraci\u00f3n, trabajamos por toda galicia.\" \/>\n<meta name=\"robots\" content=\"index, follow, max-snippet:-1, max-image-preview:large, max-video-preview:-1\" \/>\n<link rel=\"canonical\" href=\"https:\/\/venturplac.es\/\" \/>\n<meta property=\"og:locale\" content=\"es_ES\" \/>\n<meta property=\"og:type\" content=\"article\" \/>\n<meta property=\"og:title\" content=\"Ventur Plac - Especialistas en la instalaci\u00f3n de pladur.\" \/>\n<meta property=\"og:description\" content=\"Somos una empresa especializada en instalaciones de pladur, tanto en interiores como exteriores o para decoraci\u00f3n, trabajamos por toda galicia.\" \/>\n<meta property=\"og:url\" content=\"https:\/\/venturplac.es\/\" \/>\n<meta property=\"og:site_name\" content=\"Ventur Plac\" \/>\n<meta property=\"article:modified_time\" content=\"2020-04-21T09:11:00+00:00\" \/>\n<meta name=\"twitter:card\" content=\"summary_large_image\" \/>\n<script type=\"application\/ld+json\" class=\"yoast-schema-graph\">{\"@context\":\"https:\/\/schema.org\",\"@graph\":[{\"@type\":\"Organization\",\"@id\":\"https:\/\/venturplac.es\/#organization\",\"name\":\"Ventur Plac\",\"url\":\"https:\/\/venturplac.es\/\",\"sameAs\":[],\"logo\":{\"@type\":\"ImageObject\",\"@id\":\"https:\/\/venturplac.es\/#logo\",\"inLanguage\":\"es\",\"url\":\"https:\/\/venturplac.es\/wp-content\/uploads\/2019\/11\/logo-venturplac.png\",\"width\":2664,\"height\":1943,\"caption\":\"Ventur Plac\"},\"image\":{\"@id\":\"https:\/\/venturplac.es\/#logo\"}},{\"@type\":\"WebSite\",\"@id\":\"https:\/\/venturplac.es\/#website\",\"url\":\"https:\/\/venturplac.es\/\",\"name\":\"Ventur Plac\",\"description\":\"Expertos en la instalaci\\u00f3n de Pladur\",\"publisher\":{\"@id\":\"https:\/\/venturplac.es\/#organization\"},\"potentialAction\":[{\"@type\":\"SearchAction\",\"target\":\"https:\/\/venturplac.es\/?s={search_term_string}\",\"query-input\":\"required name=search_term_string\"}],\"inLanguage\":\"es\"},{\"@type\":\"WebPage\",\"@id\":\"https:\/\/venturplac.es\/#webpage\",\"url\":\"https:\/\/venturplac.es\/\",\"name\":\"Ventur Plac - Especialistas en la instalaci\\u00f3n de pladur.\",\"isPartOf\":{\"@id\":\"https:\/\/venturplac.es\/#website\"},\"datePublished\":\"2016-05-16T04:54:45+00:00\",\"dateModified\":\"2020-04-21T09:11:00+00:00\",\"description\":\"Somos una empresa especializada en instalaciones de pladur, tanto en interiores como exteriores o para decoraci\\u00f3n, trabajamos por toda galicia.\",\"inLanguage\":\"es\",\"potentialAction\":[{\"@type\":\"ReadAction\",\"target\":[\"https:\/\/venturplac.es\/\"]}]}]}<\/script>\n<!-- \/ Yoast SEO plugin. -->","_links":{"self":[{"href":"https:\/\/venturplac.es\/index.php\/wp-json\/wp\/v2\/pages\/2210"}],"collection":[{"href":"https:\/\/venturplac.es\/index.php\/wp-json\/wp\/v2\/pages"}],"about":[{"href":"https:\/\/venturplac.es\/index.php\/wp-json\/wp\/v2\/types\/page"}],"author":[{"embeddable":true,"href":"https:\/\/venturplac.es\/index.php\/wp-json\/wp\/v2\/users\/1"}],"replies":[{"embeddable":true,"href":"https:\/\/venturplac.es\/index.php\/wp-json\/wp\/v2\/comments?post=2210"}],"version-history":[{"count":42,"href":"https:\/\/venturplac.es\/index.php\/wp-json\/wp\/v2\/pages\/2210\/revisions"}],"predecessor-version":[{"id":2377,"href":"https:\/\/venturplac.es\/index.php\/wp-json\/wp\/v2\/pages\/2210\/revisions\/2377"}],"wp:attachment":[{"href":"https:\/\/venturplac.es\/index.php\/wp-json\/wp\/v2\/media?parent=2210"}],"curies":[{"name":"wp","href":"https:\/\/api.w.org\/{rel}","templated":true}]}}